{"id":552,"date":"2022-10-21T00:37:22","date_gmt":"2022-10-21T00:37:22","guid":{"rendered":"https:\/\/finalplag.com\/?page_id=552"},"modified":"2022-10-21T21:02:30","modified_gmt":"2022-10-21T21:02:30","slug":"mantenimiento-2","status":"publish","type":"page","link":"https:\/\/finalplag.com\/?page_id=552","title":{"rendered":"Mantenimiento"},"content":{"rendered":"\t\t<div data-elementor-type=\"wp-page\" data-elementor-id=\"552\" class=\"elementor elementor-552\">\n\t\t\t\t\t\t\t\t\t<section class=\"elementor-section elementor-top-section elementor-element elementor-element-1b0a5d33 elementor-section-boxed elementor-section-height-default elementor-section-height-default\" data-id=\"1b0a5d33\" data-element_type=\"section\" data-settings=\"{&quot;background_background&quot;:&quot;classic&quot;}\">\n\t\t\t\t\t\t\t<div class=\"elementor-background-overlay\"><\/div>\n\t\t\t\t\t\t\t<div class=\"elementor-container elementor-column-gap-default\">\n\t\t\t\t\t<div class=\"elementor-column elementor-col-100 elementor-top-column elementor-element elementor-element-1f841ba\" data-id=\"1f841ba\" data-element_type=\"column\">\n\t\t\t<div class=\"elementor-widget-wrap elementor-element-populated\">\n\t\t\t\t\t\t\t\t<div class=\"elementor-element elementor-element-365ba0bd elementor-widget elementor-widget-heading\" data-id=\"365ba0bd\" data-element_type=\"widget\" data-widget_type=\"heading.default\">\n\t\t\t\t<div class=\"elementor-widget-container\">\n\t\t\t<style>\/*! elementor - v3.7.8 - 02-10-2022 *\/\n.elementor-heading-title{padding:0;margin:0;line-height:1}.elementor-widget-heading .elementor-heading-title[class*=elementor-size-]>a{color:inherit;font-size:inherit;line-height:inherit}.elementor-widget-heading .elementor-heading-title.elementor-size-small{font-size:15px}.elementor-widget-heading .elementor-heading-title.elementor-size-medium{font-size:19px}.elementor-widget-heading .elementor-heading-title.elementor-size-large{font-size:29px}.elementor-widget-heading .elementor-heading-title.elementor-size-xl{font-size:39px}.elementor-widget-heading .elementor-heading-title.elementor-size-xxl{font-size:59px}<\/style><h1 class=\"elementor-heading-title elementor-size-default\">MANTENIMIENTO<\/h1>\t\t<\/div>\n\t\t\t\t<\/div>\n\t\t\t\t\t<\/div>\n\t\t<\/div>\n\t\t\t\t\t\t\t<\/div>\n\t\t<\/section>\n\t\t\t\t<section class=\"elementor-section elementor-top-section elementor-element elementor-element-c232b73 elementor-section-boxed elementor-section-height-default elementor-section-height-default\" data-id=\"c232b73\" data-element_type=\"section\">\n\t\t\t\t\t\t<div class=\"elementor-container elementor-column-gap-default\">\n\t\t\t\t\t<div class=\"elementor-column elementor-col-50 elementor-top-column elementor-element elementor-element-d5fec72 elementor-invisible\" data-id=\"d5fec72\" data-element_type=\"column\" data-settings=\"{&quot;animation&quot;:&quot;fadeInLeft&quot;}\">\n\t\t\t<div class=\"elementor-widget-wrap elementor-element-populated\">\n\t\t\t\t\t\t\t\t<div class=\"elementor-element elementor-element-c8593f6 animated-slow elementor-invisible elementor-widget elementor-widget-image\" data-id=\"c8593f6\" data-element_type=\"widget\" data-settings=\"{&quot;_animation&quot;:&quot;fadeInLeft&quot;}\" data-widget_type=\"image.default\">\n\t\t\t\t<div class=\"elementor-widget-container\">\n\t\t\t<style>\/*! elementor - v3.7.8 - 02-10-2022 *\/\n.elementor-widget-image{text-align:center}.elementor-widget-image a{display:inline-block}.elementor-widget-image a img[src$=\".svg\"]{width:48px}.elementor-widget-image img{vertical-align:middle;display:inline-block}<\/style>\t\t\t\t\t\t\t\t\t\t\t\t<img width=\"960\" height=\"540\" src=\"https:\/\/finalplag.com\/wp-content\/uploads\/2022\/10\/city-5771561_960_720.jpg\" class=\"attachment-large size-large\" alt=\"\" loading=\"lazy\" srcset=\"https:\/\/finalplag.com\/wp-content\/uploads\/2022\/10\/city-5771561_960_720.jpg 960w, https:\/\/finalplag.com\/wp-content\/uploads\/2022\/10\/city-5771561_960_720-300x169.jpg 300w, https:\/\/finalplag.com\/wp-content\/uploads\/2022\/10\/city-5771561_960_720-768x432.jpg 768w\" sizes=\"(max-width: 960px) 100vw, 960px\" \/>\t\t\t\t\t\t\t\t\t\t\t\t\t\t\t<\/div>\n\t\t\t\t<\/div>\n\t\t\t\t\t<\/div>\n\t\t<\/div>\n\t\t\t\t<div class=\"elementor-column elementor-col-50 elementor-top-column elementor-element elementor-element-ee3a718\" data-id=\"ee3a718\" data-element_type=\"column\">\n\t\t\t<div class=\"elementor-widget-wrap elementor-element-populated\">\n\t\t\t\t\t\t\t\t<div class=\"elementor-element elementor-element-a2d1f22 animated-slow elementor-invisible elementor-widget elementor-widget-text-editor\" data-id=\"a2d1f22\" data-element_type=\"widget\" data-settings=\"{&quot;_animation&quot;:&quot;fadeInRight&quot;}\" data-widget_type=\"text-editor.default\">\n\t\t\t\t<div class=\"elementor-widget-container\">\n\t\t\t<style>\/*! elementor - v3.7.8 - 02-10-2022 *\/\n.elementor-widget-text-editor.elementor-drop-cap-view-stacked .elementor-drop-cap{background-color:#818a91;color:#fff}.elementor-widget-text-editor.elementor-drop-cap-view-framed .elementor-drop-cap{color:#818a91;border:3px solid;background-color:transparent}.elementor-widget-text-editor:not(.elementor-drop-cap-view-default) .elementor-drop-cap{margin-top:8px}.elementor-widget-text-editor:not(.elementor-drop-cap-view-default) .elementor-drop-cap-letter{width:1em;height:1em}.elementor-widget-text-editor .elementor-drop-cap{float:left;text-align:center;line-height:1;font-size:50px}.elementor-widget-text-editor .elementor-drop-cap-letter{display:inline-block}<\/style>\t\t\t\t<h3 class=\"heading left-align\" style=\"text-transform: uppercase; font-size: 26px;\">MANTENIMIENTO EN GENERAL<\/h3>\n<div class=\"headul left-align\"><\/div>\n<ul>\n \t<li>Marcos<\/li>\n \t<li>Compuertas<\/li>\n \t<li>Plomer\u00eda en general<\/li>\n<\/ul>\t\t\t\t\t\t<\/div>\n\t\t\t\t<\/div>\n\t\t\t\t<div class=\"elementor-element elementor-element-972fbcb elementor-align-left animated-slow elementor-mobile-align-center elementor-invisible elementor-widget elementor-widget-button\" data-id=\"972fbcb\" data-element_type=\"widget\" data-settings=\"{&quot;_animation&quot;:&quot;fadeInRight&quot;}\" data-widget_type=\"button.default\">\n\t\t\t\t<div class=\"elementor-widget-container\">\n\t\t\t\t\t<div class=\"elementor-button-wrapper\">\n\t\t\t<a href=\"https:\/\/walink.co\/ab6ea2\" class=\"elementor-button-link elementor-button elementor-size-xs\" role=\"button\">\n\t\t\t\t\t\t<span class=\"elementor-button-content-wrapper\">\n\t\t\t\t\t\t<span class=\"elementor-button-text\">me interesa<\/span>\n\t\t<\/span>\n\t\t\t\t\t<\/a>\n\t\t<\/div>\n\t\t\t\t<\/div>\n\t\t\t\t<\/div>\n\t\t\t\t\t<\/div>\n\t\t<\/div>\n\t\t\t\t\t\t\t<\/div>\n\t\t<\/section>\n\t\t\t\t<section class=\"elementor-section elementor-top-section elementor-element elementor-element-be55e0a elementor-section-boxed elementor-section-height-default elementor-section-height-default\" data-id=\"be55e0a\" data-element_type=\"section\">\n\t\t\t\t\t\t<div class=\"elementor-container elementor-column-gap-default\">\n\t\t\t\t\t<div class=\"elementor-column elementor-col-100 elementor-top-column elementor-element elementor-element-74f656e\" data-id=\"74f656e\" data-element_type=\"column\">\n\t\t\t<div class=\"elementor-widget-wrap elementor-element-populated\">\n\t\t\t\t\t\t\t\t<div class=\"elementor-element elementor-element-5572337 elementor-widget-divider--view-line elementor-widget elementor-widget-divider\" data-id=\"5572337\" data-element_type=\"widget\" data-widget_type=\"divider.default\">\n\t\t\t\t<div class=\"elementor-widget-container\">\n\t\t\t<style>\/*! elementor - v3.7.8 - 02-10-2022 *\/\n.elementor-widget-divider{--divider-border-style:none;--divider-border-width:1px;--divider-color:#2c2c2c;--divider-icon-size:20px;--divider-element-spacing:10px;--divider-pattern-height:24px;--divider-pattern-size:20px;--divider-pattern-url:none;--divider-pattern-repeat:repeat-x}.elementor-widget-divider .elementor-divider{display:-webkit-box;display:-ms-flexbox;display:flex}.elementor-widget-divider .elementor-divider__text{font-size:15px;line-height:1;max-width:95%}.elementor-widget-divider .elementor-divider__element{margin:0 var(--divider-element-spacing);-ms-flex-negative:0;flex-shrink:0}.elementor-widget-divider .elementor-icon{font-size:var(--divider-icon-size)}.elementor-widget-divider .elementor-divider-separator{display:-webkit-box;display:-ms-flexbox;display:flex;margin:0;direction:ltr}.elementor-widget-divider--view-line_icon .elementor-divider-separator,.elementor-widget-divider--view-line_text .elementor-divider-separator{-webkit-box-align:center;-ms-flex-align:center;align-items:center}.elementor-widget-divider--view-line_icon .elementor-divider-separator:after,.elementor-widget-divider--view-line_icon .elementor-divider-separator:before,.elementor-widget-divider--view-line_text .elementor-divider-separator:after,.elementor-widget-divider--view-line_text .elementor-divider-separator:before{display:block;content:\"\";border-bottom:0;-webkit-box-flex:1;-ms-flex-positive:1;flex-grow:1;border-top:var(--divider-border-width) var(--divider-border-style) var(--divider-color)}.elementor-widget-divider--element-align-left .elementor-divider .elementor-divider-separator>.elementor-divider__svg:first-of-type{-webkit-box-flex:0;-ms-flex-positive:0;flex-grow:0;-ms-flex-negative:100;flex-shrink:100}.elementor-widget-divider--element-align-left .elementor-divider-separator:before{content:none}.elementor-widget-divider--element-align-left .elementor-divider__element{margin-left:0}.elementor-widget-divider--element-align-right .elementor-divider .elementor-divider-separator>.elementor-divider__svg:last-of-type{-webkit-box-flex:0;-ms-flex-positive:0;flex-grow:0;-ms-flex-negative:100;flex-shrink:100}.elementor-widget-divider--element-align-right .elementor-divider-separator:after{content:none}.elementor-widget-divider--element-align-right .elementor-divider__element{margin-right:0}.elementor-widget-divider:not(.elementor-widget-divider--view-line_text):not(.elementor-widget-divider--view-line_icon) .elementor-divider-separator{border-top:var(--divider-border-width) var(--divider-border-style) var(--divider-color)}.elementor-widget-divider--separator-type-pattern{--divider-border-style:none}.elementor-widget-divider--separator-type-pattern.elementor-widget-divider--view-line .elementor-divider-separator,.elementor-widget-divider--separator-type-pattern:not(.elementor-widget-divider--view-line) .elementor-divider-separator:after,.elementor-widget-divider--separator-type-pattern:not(.elementor-widget-divider--view-line) .elementor-divider-separator:before,.elementor-widget-divider--separator-type-pattern:not([class*=elementor-widget-divider--view]) .elementor-divider-separator{width:100%;min-height:var(--divider-pattern-height);-webkit-mask-size:var(--divider-pattern-size) 100%;mask-size:var(--divider-pattern-size) 100%;-webkit-mask-repeat:var(--divider-pattern-repeat);mask-repeat:var(--divider-pattern-repeat);background-color:var(--divider-color);-webkit-mask-image:var(--divider-pattern-url);mask-image:var(--divider-pattern-url)}.elementor-widget-divider--no-spacing{--divider-pattern-size:auto}.elementor-widget-divider--bg-round{--divider-pattern-repeat:round}.rtl .elementor-widget-divider .elementor-divider__text{direction:rtl}.e-container>.elementor-widget-divider{width:var(--container-widget-width,100%);--flex-grow:var(--container-widget-flex-grow,0)}<\/style>\t\t<div class=\"elementor-divider\">\n\t\t\t<span class=\"elementor-divider-separator\">\n\t\t\t\t\t\t<\/span>\n\t\t<\/div>\n\t\t\t\t<\/div>\n\t\t\t\t<\/div>\n\t\t\t\t\t<\/div>\n\t\t<\/div>\n\t\t\t\t\t\t\t<\/div>\n\t\t<\/section>\n\t\t\t\t<section class=\"elementor-section elementor-top-section elementor-element elementor-element-ec20e87 elementor-section-boxed elementor-section-height-default elementor-section-height-default\" data-id=\"ec20e87\" data-element_type=\"section\">\n\t\t\t\t\t\t\t<div class=\"elementor-background-overlay\"><\/div>\n\t\t\t\t\t\t\t<div class=\"elementor-container elementor-column-gap-default\">\n\t\t\t\t\t<div class=\"elementor-column elementor-col-100 elementor-top-column elementor-element elementor-element-12a7feb\" data-id=\"12a7feb\" data-element_type=\"column\">\n\t\t\t<div class=\"elementor-widget-wrap elementor-element-populated\">\n\t\t\t\t\t\t\t\t<div class=\"elementor-element elementor-element-252d9e9 elementor-widget elementor-widget-text-editor\" data-id=\"252d9e9\" data-element_type=\"widget\" data-widget_type=\"text-editor.default\">\n\t\t\t\t<div class=\"elementor-widget-container\">\n\t\t\t\t\t\t\t<h3 style=\"text-align: center;text-transform:uppercase;color:white;font-size:25px\">DESAGOTES<\/h3>\n<div style=\"color: black;\">\n<b><p style=\"text-align: center;\">Sotanos<\/p>\n<p style=\"text-align: center;\">Pozos<\/p>\n<p style=\"text-align: center;\">Camaras<\/p>\n<p style=\"text-align: center;\">Piletas<\/p>\n<p style=\"text-align: center;\">Tanques<\/p>\n\n<h3 style=\"font-style: normal;text-align:center;text-transform:uppercase;color:white;font-size:25px\">\u00a0destapaciones<\/h3>\n<div>\n<p style=\"font-size: 16px; text-align: center;\"><b>Bajadas<\/p>\n<p style=\"font-size: 16px; text-align: center;\">Tramos<\/p>\n<p style=\"font-size: 16px; text-align: center;\">Inodoros<\/p>\n<p style=\"font-size: 16px; text-align: center;\">Piletas<\/p>\n<p style=\"font-size: 16px; text-align: center;\">Cloacales<\/p>\n\n<\/div>\n<\/div>\t\t\t\t\t\t<\/div>\n\t\t\t\t<\/div>\n\t\t\t\t\t<\/div>\n\t\t<\/div>\n\t\t\t\t\t\t\t<\/div>\n\t\t<\/section>\n\t\t\t\t<section class=\"elementor-section elementor-top-section elementor-element elementor-element-c8be3b4 elementor-section-boxed elementor-section-height-default elementor-section-height-default\" data-id=\"c8be3b4\" data-element_type=\"section\">\n\t\t\t\t\t\t<div class=\"elementor-container elementor-column-gap-default\">\n\t\t\t\t\t<div class=\"elementor-column elementor-col-100 elementor-top-column elementor-element elementor-element-cb22746\" data-id=\"cb22746\" data-element_type=\"column\">\n\t\t\t<div class=\"elementor-widget-wrap elementor-element-populated\">\n\t\t\t\t\t\t\t\t<div class=\"elementor-element elementor-element-115e5dd elementor-widget-divider--view-line elementor-widget elementor-widget-divider\" data-id=\"115e5dd\" data-element_type=\"widget\" data-widget_type=\"divider.default\">\n\t\t\t\t<div class=\"elementor-widget-container\">\n\t\t\t\t\t<div class=\"elementor-divider\">\n\t\t\t<span class=\"elementor-divider-separator\">\n\t\t\t\t\t\t<\/span>\n\t\t<\/div>\n\t\t\t\t<\/div>\n\t\t\t\t<\/div>\n\t\t\t\t\t<\/div>\n\t\t<\/div>\n\t\t\t\t\t\t\t<\/div>\n\t\t<\/section>\n\t\t\t\t<section class=\"elementor-section elementor-top-section elementor-element elementor-element-ac8649a elementor-section-boxed elementor-section-height-default elementor-section-height-default\" data-id=\"ac8649a\" data-element_type=\"section\">\n\t\t\t\t\t\t<div class=\"elementor-container elementor-column-gap-default\">\n\t\t\t\t\t<div class=\"elementor-column elementor-col-50 elementor-top-column elementor-element elementor-element-e80e38c\" data-id=\"e80e38c\" data-element_type=\"column\">\n\t\t\t<div class=\"elementor-widget-wrap elementor-element-populated\">\n\t\t\t\t\t\t\t\t<div class=\"elementor-element elementor-element-0f63005 animated-slow elementor-invisible elementor-widget elementor-widget-image\" data-id=\"0f63005\" data-element_type=\"widget\" data-settings=\"{&quot;_animation&quot;:&quot;zoomIn&quot;}\" data-widget_type=\"image.default\">\n\t\t\t\t<div class=\"elementor-widget-container\">\n\t\t\t\t\t\t\t\t\t\t\t\t\t\t\t<img width=\"150\" height=\"150\" src=\"https:\/\/finalplag.com\/wp-content\/uploads\/2022\/10\/garantia-150x150.png\" class=\"attachment-thumbnail size-thumbnail\" alt=\"\" loading=\"lazy\" \/>\t\t\t\t\t\t\t\t\t\t\t\t\t\t\t<\/div>\n\t\t\t\t<\/div>\n\t\t\t\t\t<\/div>\n\t\t<\/div>\n\t\t\t\t<div class=\"elementor-column elementor-col-50 elementor-top-column elementor-element elementor-element-e93de92\" data-id=\"e93de92\" data-element_type=\"column\">\n\t\t\t<div class=\"elementor-widget-wrap elementor-element-populated\">\n\t\t\t\t\t\t\t\t<div class=\"elementor-element elementor-element-9460e33 animated-slow elementor-invisible elementor-widget elementor-widget-text-editor\" data-id=\"9460e33\" data-element_type=\"widget\" data-settings=\"{&quot;_animation&quot;:&quot;zoomIn&quot;}\" data-widget_type=\"text-editor.default\">\n\t\t\t\t<div class=\"elementor-widget-container\">\n\t\t\t\t\t\t\t<h3 class=\"title\" style=\"text-transform: uppercase;\">TRABAJOS 100% GARANTIZADO<\/h3>\nNuestra Empresa cuentan con la garant\u00eda de calidad a todos los servicios ofrecidos y en los abonos mensuales teniendo en cuenta las indicaciones de nuestros t\u00e9cnicos la garant\u00eda ofrecida es ilimitada con la cual ante cualquier inconveniente con el servicio se concurre al cliente a solucionarlo sin cargo.\t\t\t\t\t\t<\/div>\n\t\t\t\t<\/div>\n\t\t\t\t\t<\/div>\n\t\t<\/div>\n\t\t\t\t\t\t\t<\/div>\n\t\t<\/section>\n\t\t\t\t\t\t\t<\/div>\n\t\t","protected":false},"excerpt":{"rendered":"<p>MANTENIMIENTO MANTENIMIENTO EN GENERAL Marcos Compuertas Plomer\u00eda en general me interesa DESAGOTES Sotanos Pozos Camaras Piletas Tanques &nbsp;destapaciones Bajadas Tramos Inodoros Piletas Cloacales TRABAJOS 100% GARANTIZADO Nuestra Empresa cuentan con la garant\u00eda de calidad a todos los servicios ofrecidos y en los abonos mensuales teniendo en cuenta las indicaciones de nuestros t\u00e9cnicos la garant\u00eda ofrecida &hellip;<\/p>\n<p class=\"read-more\"> <a class=\"\" href=\"https:\/\/finalplag.com\/?page_id=552\"> <span class=\"screen-reader-text\">Mantenimiento<\/span> Leer m\u00e1s &raquo;<\/a><\/p>\n","protected":false},"author":1,"featured_media":0,"parent":0,"menu_order":0,"comment_status":"closed","ping_status":"closed","template":"","meta":{"om_disable_all_campaigns":false,"_monsterinsights_skip_tracking":false,"_monsterinsights_sitenote_active":false,"_monsterinsights_sitenote_note":"","_monsterinsights_sitenote_category":0,"site-sidebar-layout":"no-sidebar","site-content-layout":"page-builder","ast-global-header-display":"","ast-main-header-display":"","ast-hfb-above-header-display":"","ast-hfb-below-header-display":"","ast-hfb-mobile-header-display":"","site-post-title":"disabled","ast-breadcrumbs-content":"","ast-featured-img":"","footer-sml-layout":"","theme-transparent-header-meta":"enabled","adv-header-id-meta":"","stick-header-meta":"","header-above-stick-meta":"","header-main-stick-meta":"","header-below-stick-meta":""},"aioseo_notices":[],"yoast_head":"<!-- This site is optimized with the Yoast SEO plugin v19.8 - https:\/\/yoast.com\/wordpress\/plugins\/seo\/ -->\n<title>Mantenimiento - FINALPLAG<\/title>\n<meta name=\"robots\" content=\"index, follow, max-snippet:-1, max-image-preview:large, max-video-preview:-1\" \/>\n<link rel=\"canonical\" href=\"https:\/\/finalplag.com\/?page_id=552\" \/>\n<meta property=\"og:locale\" content=\"es_ES\" \/>\n<meta property=\"og:type\" content=\"article\" \/>\n<meta property=\"og:title\" content=\"Mantenimiento - FINALPLAG\" \/>\n<meta property=\"og:description\" content=\"MANTENIMIENTO MANTENIMIENTO EN GENERAL Marcos Compuertas Plomer\u00eda en general me interesa DESAGOTES Sotanos Pozos Camaras Piletas Tanques &nbsp;destapaciones Bajadas Tramos Inodoros Piletas Cloacales TRABAJOS 100% GARANTIZADO Nuestra Empresa cuentan con la garant\u00eda de calidad a todos los servicios ofrecidos y en los abonos mensuales teniendo en cuenta las indicaciones de nuestros t\u00e9cnicos la garant\u00eda ofrecida &hellip; Mantenimiento Leer m\u00e1s &raquo;\" \/>\n<meta property=\"og:url\" content=\"https:\/\/finalplag.com\/?page_id=552\" \/>\n<meta property=\"og:site_name\" content=\"FINALPLAG\" \/>\n<meta property=\"article:modified_time\" content=\"2022-10-21T21:02:30+00:00\" \/>\n<meta property=\"og:image\" content=\"http:\/\/finalplag.com\/wp-content\/uploads\/2022\/10\/city-5771561_960_720.jpg\" \/>\n<meta name=\"twitter:card\" content=\"summary_large_image\" \/>\n<meta name=\"twitter:label1\" content=\"Tiempo de lectura\" \/>\n\t<meta name=\"twitter:data1\" content=\"2 minutos\" \/>\n<script type=\"application\/ld+json\" class=\"yoast-schema-graph\">{\"@context\":\"https:\/\/schema.org\",\"@graph\":[{\"@type\":\"WebPage\",\"@id\":\"https:\/\/finalplag.com\/?page_id=552\",\"url\":\"https:\/\/finalplag.com\/?page_id=552\",\"name\":\"Mantenimiento - FINALPLAG\",\"isPartOf\":{\"@id\":\"https:\/\/finalplag.com\/#website\"},\"datePublished\":\"2022-10-21T00:37:22+00:00\",\"dateModified\":\"2022-10-21T21:02:30+00:00\",\"breadcrumb\":{\"@id\":\"https:\/\/finalplag.com\/?page_id=552#breadcrumb\"},\"inLanguage\":\"es-AR\",\"potentialAction\":[{\"@type\":\"ReadAction\",\"target\":[\"https:\/\/finalplag.com\/?page_id=552\"]}]},{\"@type\":\"BreadcrumbList\",\"@id\":\"https:\/\/finalplag.com\/?page_id=552#breadcrumb\",\"itemListElement\":[{\"@type\":\"ListItem\",\"position\":1,\"name\":\"Inicio\",\"item\":\"https:\/\/finalplag.com\/\"},{\"@type\":\"ListItem\",\"position\":2,\"name\":\"Mantenimiento\"}]},{\"@type\":\"WebSite\",\"@id\":\"https:\/\/finalplag.com\/#website\",\"url\":\"https:\/\/finalplag.com\/\",\"name\":\"FINALPLAG\",\"description\":\"FUMIGACIONES\",\"publisher\":{\"@id\":\"https:\/\/finalplag.com\/#organization\"},\"potentialAction\":[{\"@type\":\"SearchAction\",\"target\":{\"@type\":\"EntryPoint\",\"urlTemplate\":\"https:\/\/finalplag.com\/?s={search_term_string}\"},\"query-input\":\"required name=search_term_string\"}],\"inLanguage\":\"es-AR\"},{\"@type\":\"Organization\",\"@id\":\"https:\/\/finalplag.com\/#organization\",\"name\":\"FINALPLAG\",\"url\":\"https:\/\/finalplag.com\/\",\"sameAs\":[],\"logo\":{\"@type\":\"ImageObject\",\"inLanguage\":\"es-AR\",\"@id\":\"https:\/\/finalplag.com\/#\/schema\/logo\/image\/\",\"url\":\"https:\/\/finalplag.com\/wp-content\/uploads\/2022\/10\/cropped-WhatsApp-Image-2022-10-18-at-22.47.52-3-1.png\",\"contentUrl\":\"https:\/\/finalplag.com\/wp-content\/uploads\/2022\/10\/cropped-WhatsApp-Image-2022-10-18-at-22.47.52-3-1.png\",\"width\":720,\"height\":752,\"caption\":\"FINALPLAG\"},\"image\":{\"@id\":\"https:\/\/finalplag.com\/#\/schema\/logo\/image\/\"}}]}<\/script>\n<!-- \/ Yoast SEO plugin. -->","yoast_head_json":{"title":"Mantenimiento - FINALPLAG","robots":{"index":"index","follow":"follow","max-snippet":"max-snippet:-1","max-image-preview":"max-image-preview:large","max-video-preview":"max-video-preview:-1"},"canonical":"https:\/\/finalplag.com\/?page_id=552","og_locale":"es_ES","og_type":"article","og_title":"Mantenimiento - FINALPLAG","og_description":"MANTENIMIENTO MANTENIMIENTO EN GENERAL Marcos Compuertas Plomer\u00eda en general me interesa DESAGOTES Sotanos Pozos Camaras Piletas Tanques &nbsp;destapaciones Bajadas Tramos Inodoros Piletas Cloacales TRABAJOS 100% GARANTIZADO Nuestra Empresa cuentan con la garant\u00eda de calidad a todos los servicios ofrecidos y en los abonos mensuales teniendo en cuenta las indicaciones de nuestros t\u00e9cnicos la garant\u00eda ofrecida &hellip; Mantenimiento Leer m\u00e1s &raquo;","og_url":"https:\/\/finalplag.com\/?page_id=552","og_site_name":"FINALPLAG","article_modified_time":"2022-10-21T21:02:30+00:00","og_image":[{"url":"http:\/\/finalplag.com\/wp-content\/uploads\/2022\/10\/city-5771561_960_720.jpg"}],"twitter_card":"summary_large_image","twitter_misc":{"Tiempo de lectura":"2 minutos"},"schema":{"@context":"https:\/\/schema.org","@graph":[{"@type":"WebPage","@id":"https:\/\/finalplag.com\/?page_id=552","url":"https:\/\/finalplag.com\/?page_id=552","name":"Mantenimiento - FINALPLAG","isPartOf":{"@id":"https:\/\/finalplag.com\/#website"},"datePublished":"2022-10-21T00:37:22+00:00","dateModified":"2022-10-21T21:02:30+00:00","breadcrumb":{"@id":"https:\/\/finalplag.com\/?page_id=552#breadcrumb"},"inLanguage":"es-AR","potentialAction":[{"@type":"ReadAction","target":["https:\/\/finalplag.com\/?page_id=552"]}]},{"@type":"BreadcrumbList","@id":"https:\/\/finalplag.com\/?page_id=552#breadcrumb","itemListElement":[{"@type":"ListItem","position":1,"name":"Inicio","item":"https:\/\/finalplag.com\/"},{"@type":"ListItem","position":2,"name":"Mantenimiento"}]},{"@type":"WebSite","@id":"https:\/\/finalplag.com\/#website","url":"https:\/\/finalplag.com\/","name":"FINALPLAG","description":"FUMIGACIONES","publisher":{"@id":"https:\/\/finalplag.com\/#organization"},"potentialAction":[{"@type":"SearchAction","target":{"@type":"EntryPoint","urlTemplate":"https:\/\/finalplag.com\/?s={search_term_string}"},"query-input":"required name=search_term_string"}],"inLanguage":"es-AR"},{"@type":"Organization","@id":"https:\/\/finalplag.com\/#organization","name":"FINALPLAG","url":"https:\/\/finalplag.com\/","sameAs":[],"logo":{"@type":"ImageObject","inLanguage":"es-AR","@id":"https:\/\/finalplag.com\/#\/schema\/logo\/image\/","url":"https:\/\/finalplag.com\/wp-content\/uploads\/2022\/10\/cropped-WhatsApp-Image-2022-10-18-at-22.47.52-3-1.png","contentUrl":"https:\/\/finalplag.com\/wp-content\/uploads\/2022\/10\/cropped-WhatsApp-Image-2022-10-18-at-22.47.52-3-1.png","width":720,"height":752,"caption":"FINALPLAG"},"image":{"@id":"https:\/\/finalplag.com\/#\/schema\/logo\/image\/"}}]}},"_links":{"self":[{"href":"https:\/\/finalplag.com\/index.php?rest_route=\/wp\/v2\/pages\/552"}],"collection":[{"href":"https:\/\/finalplag.com\/index.php?rest_route=\/wp\/v2\/pages"}],"about":[{"href":"https:\/\/finalplag.com\/index.php?rest_route=\/wp\/v2\/types\/page"}],"author":[{"embeddable":true,"href":"https:\/\/finalplag.com\/index.php?rest_route=\/wp\/v2\/users\/1"}],"replies":[{"embeddable":true,"href":"https:\/\/finalplag.com\/index.php?rest_route=%2Fwp%2Fv2%2Fcomments&post=552"}],"version-history":[{"count":93,"href":"https:\/\/finalplag.com\/index.php?rest_route=\/wp\/v2\/pages\/552\/revisions"}],"predecessor-version":[{"id":1040,"href":"https:\/\/finalplag.com\/index.php?rest_route=\/wp\/v2\/pages\/552\/revisions\/1040"}],"wp:attachment":[{"href":"https:\/\/finalplag.com\/index.php?rest_route=%2Fwp%2Fv2%2Fmedia&parent=552"}],"curies":[{"name":"wp","href":"https:\/\/api.w.org\/{rel}","templated":true}]}}